{"id":2431,"date":"2024-10-10T04:51:54","date_gmt":"2024-10-09T21:51:54","guid":{"rendered":"https:\/\/thehighlandparkresortbogor.com\/Indonesia\/?page_id=2431"},"modified":"2026-03-11T19:04:17","modified_gmt":"2026-03-11T12:04:17","slug":"about-v1-redesain-jadi","status":"publish","type":"page","link":"https:\/\/thehighlandparkresortbogor.com\/Indonesia\/about-v1-redesain-jadi\/","title":{"rendered":"About Us"},"content":{"rendered":"\t\t<div data-elementor-type=\"wp-page\" data-elementor-id=\"2431\" class=\"elementor elementor-2431\">\n\t\t\t\t\t\t<section class=\"elementor-section elementor-top-section elementor-element elementor-element-1042f822 elementor-section-boxed elementor-section-height-default elementor-section-height-default\" data-id=\"1042f822\" data-element_type=\"section\" data-e-type=\"section\">\n\t\t\t\t\t\t<div class=\"elementor-container elementor-column-gap-default\">\n\t\t\t\t\t<div class=\"elementor-column elementor-col-100 elementor-top-column elementor-element elementor-element-1bcbef06\" data-id=\"1bcbef06\" data-element_type=\"column\" data-e-type=\"column\">\n\t\t\t<div class=\"elementor-widget-wrap elementor-element-populated\">\n\t\t\t\t\t\t<div class=\"elementor-element elementor-element-6ed3e6fa elementor-widget elementor-widget-text-editor\" data-id=\"6ed3e6fa\" data-element_type=\"widget\" data-e-type=\"widget\" data-widget_type=\"text-editor.default\">\n\t\t\t\t<div class=\"elementor-widget-container\">\n\t\t\t\t\t\t\t\t\t[vc_row full_width=&#8221;stretch_row_content_no_spaces&#8221; video_bg=&#8221;yes&#8221; video_bg_url=&#8221;https:\/\/www.youtube.com\/watch?v=2sqBkIrGMEY&amp;t=75s&#8221; css_animation=&#8221;fadeIn&#8221; css=&#8221;.vc_custom_1664506884833{padding-top: 150px !important;padding-bottom: 150px !important;background-position: center !important;background-repeat: no-repeat !important;background-size: cover !important;}&#8221;][vc_column]<div  class=\"main-heading\"><span class=\"subtitle\" style=\"font-size:14px;color:rgba(255,255,255,0.79);\">A bit About us<\/span><h2 class=\"title\" style=\"font-size:40px;color:#ffffff;\">Most Unique Resort &amp; Hotel in Indonesia<\/h2><\/div>[\/vc_column][\/vc_row][vc_row full_width=&#8221;stretch_row_content_no_spaces&#8221;][vc_column][vc_empty_space height=&#8221;150px&#8221;][\/vc_column][\/vc_row][vc_row full_width=&#8221;stretch_row_content&#8221;][vc_column width=&#8221;1\/2&#8243;]<div  class=\"text-block__signature\"><div class=\"subtitle subtitle--left subtitle--sm\">we care about people<\/div><div class=\"title title--left title-color-black title--sm\"><h2>A Place You Can Trust<\/h2><\/div><div class=\"spacing\" style=\"height: 4px\"><\/div><div class=\"text\"><p>Bertempat di kaki Gunung Salak yang termasuk Taman Nasional Halimun, kawasan ini dikenal dengan jalur pendakian penuh tantangan dan lokasi terdekat di mana pendaki dapat menyaksikan hamparan bintang sekaligus dengan terangnya kota Jakarta dari kejauhan. The Highland Park Resort, hadir dengan konsep resor bernuansa gabungan kultur Barat dan Timur, di mana Anda dapat mengalami tinggal dalam tenda bangsa Mongolia dan Indian (Apache) dengan konsep Glamorous-Camping yang memberikan kesempatan untuk Anda bersantai, menghirup udara segar di alam yang asri dan melepas lelah dari hiruk-pikuk perkotaan. The Highland Park Resort menyediakan berbagai fasilitas seperti meeting room, ballroom, outbound, equestrian club (berkuda), edu-camp, golf, mini-zoo, waterboom dan lainnya menjadikan kami pilihan terbaik bagi Anda sekeluarga dan rekan kerja untuk mengadakan berbagai family gathering, corporate outing, meeting, training, dan acara lainnya.<\/p><\/div><div class=\"spacing\" style=\"height: 15px\"><\/div><\/div>[\/vc_column][vc_column width=&#8221;1\/2&#8243;][vc_empty_space height=&#8221;90px&#8221;]<img decoding=\"async\"  class=\"img-responsive  \" src=\"https:\/\/thehighlandparkresortbogor.com\/Indonesia\/wp-content\/uploads\/2020\/03\/20200229_085729.jpg\" alt=\"\">[\/vc_column][\/vc_row][vc_row full_width=&#8221;stretch_row_content_no_spaces&#8221;][vc_column][vc_empty_space height=&#8221;150px&#8221;][\/vc_column][\/vc_row][vc_row full_width=&#8221;stretch_row_content_no_spaces&#8221; css_animation=&#8221;fadeInRight&#8221;][vc_column]<div  class=\"hb-text-block__wrapper style1\" style=\"background-color:#f2f2f2;\"><div class=\"row\"><div class=\"col-md-6\"><div class=\"hb-image__block\"><img decoding=\"async\" src=\"https:\/\/thehighlandparkresortbogor.com\/Indonesia\/wp-content\/uploads\/2024\/01\/2.jpg\" alt=\"\" \/><\/div><\/div><div class=\"col-md-6\"><div class=\"hb-text_block_content\"><div class=\"hb-text-block___inner_wrapper\"><div class=\"featured-rooms-slider__title title-color-black\">Indulge in Luxury<\/div><div class=\"featured-rooms-slider__text content-color-grey\">Terlengkap di kawasannya, The Highland Park Resort Bogor, menjadi destinasi liburan dan meeting untuk individu, keluarga maupun perusahaan di kaki Gunung Salak. Percayakan kepada kami untuk merancang berbagai kegiatan yang membuat waktu Anda bersama dengan kami menjadi waktu yang penuh dengan relaksasi, petualangan, dan eksplorasi, dari kunjungan ke situs bersejarah, berenang di kolam air terjun natural, sampai berbagai pelatihan tim dari Outbound kami, kami siap untuk membuat pengalaman yang tidak terlupakan.<\/div><a class=\"btn btn--md btn--normal\" href=\"http:\/\/themebubble.com\/demo\/hotelluxe\/rooms\/standard-room\/\" title=\"button\" target=\"_self\" rel=\"noopener\">Book Now<\/a><\/div><\/div><\/div><\/div><\/div>[vc_empty_space height=&#8221;35px&#8221;][\/vc_column][\/vc_row][vc_row full_width=&#8221;stretch_row_content_no_spaces&#8221; css_animation=&#8221;fadeInRight&#8221;][vc_column]<div  class=\"hb-text-block__wrapper style1\" style=\"background-color:#f2f2f2;\"><div class=\"row\"><div class=\"col-md-6\"><div class=\"hb-image__block\"><img decoding=\"async\" src=\"\" alt=\"\" \/><\/div><\/div><div class=\"col-md-6\"><div class=\"hb-text_block_content\"><div class=\"hb-text-block___inner_wrapper\"><div class=\"featured-rooms-slider__title title-color-black\">World-class Amenities<\/div><div class=\"featured-rooms-slider__text content-color-grey\">untuk setiap campnya anda bisa menikmati fitur yang beragam, seperti Free wifi, air conditioner, tv cable, ac dan bisa langsung menikmati keindahan gunung salak.<\/div><a class=\"btn btn--md btn--normal\" href=\"http:\/\/themebubble.com\/demo\/hotelluxe\/rooms\/standard-room\/\" title=\"button\" target=\"_self\" rel=\"noopener\">Book Now<\/a><\/div><\/div><\/div><\/div><\/div>[vc_empty_space height=&#8221;35px&#8221;][\/vc_column][\/vc_row][vc_row full_width=&#8221;stretch_row_content_no_spaces&#8221; css_animation=&#8221;fadeInRight&#8221;][vc_column]<div  class=\"hb-text-block__wrapper style1\" style=\"background-color:#f2f2f2;\"><div class=\"row\"><div class=\"col-md-6\"><div class=\"hb-image__block\"><img decoding=\"async\" src=\"https:\/\/thehighlandparkresortbogor.com\/Indonesia\/wp-content\/uploads\/2022\/09\/fine-dine-gambar.jpg\" alt=\"\" \/><\/div><\/div><div class=\"col-md-6\"><div class=\"hb-text_block_content\"><div class=\"hb-text-block___inner_wrapper\"><div class=\"featured-rooms-slider__title title-color-black\">Fine Dine &amp; More<\/div><div class=\"featured-rooms-slider__text content-color-grey\">Rasakan nikmatnya hidangan spesial kami di restaurant anthurium, dengan bumbu dan resep pilihan dari chef kami, di padukan dengan indahnya view gunung salak, dan sejuknya suasana di kaki gunung salak<\/div><a class=\"btn btn--md btn--normal\" href=\"http:\/\/themebubble.com\/demo\/hotelluxe\/rooms\/standard-room\/\" title=\"button\" target=\"_self\" rel=\"noopener\">Book Now<\/a><\/div><\/div><\/div><\/div><\/div>[vc_empty_space height=&#8221;50px&#8221;][\/vc_column][\/vc_row][vc_row][vc_column width=&#8221;1\/4&#8243;]<div  class=\"icon icon--style-2 mb-0 mt-0\"><div class=\"icon__wrap\"><div class=\"icon__media\"><span class=\"ti-Line-Key-2\"><\/span><\/div><h3 class=\"icon__title\">85<\/h3><div class=\"icon__text\">Resort Rooms<\/div><\/div><\/div><div class=\"empty-space marg-xs-b15\"><\/div>[\/vc_column][vc_column width=&#8221;1\/4&#8243;]<div  class=\"icon icon--style-2 mb-0 mt-0\"><div class=\"icon__wrap\"><div class=\"icon__media\"><span class=\"ti-Line-New-email\"><\/span><\/div><h3 class=\"icon__title\">10<\/h3><div class=\"icon__text\">Meeting Camp<\/div><\/div><\/div><div class=\"empty-space marg-xs-b15\"><\/div>[\/vc_column][vc_column width=&#8221;1\/4&#8243;]<div  class=\"icon icon--style-2 mb-0 mt-0\"><div class=\"icon__wrap\"><div class=\"icon__media\"><span class=\"ti-Line-People-1\"><\/span><\/div><h3 class=\"icon__title\">500K<\/h3><div class=\"icon__text\">People Served<\/div><\/div><\/div><div class=\"empty-space marg-xs-b15\"><\/div>[\/vc_column][vc_column width=&#8221;1\/4&#8243;]<div  class=\"icon icon--style-2 mb-0 mt-0\"><div class=\"icon__wrap\"><div class=\"icon__media\"><span class=\"ti-Line-Map-Pin-2\"><\/span><\/div><h3 class=\"icon__title\">45 min<\/h3><div class=\"icon__text\">From City Center<\/div><\/div><\/div><div class=\"empty-space marg-xs-b15\"><\/div>[\/vc_column][\/vc_row][vc_row full_width=&#8221;stretch_row_content_no_spaces&#8221;][vc_column][vc_empty_space height=&#8221;30px&#8221;]<div class=\"hb-divider__seperator\" style=\" background:#eaeaea;\"><\/div>[\/vc_column][\/vc_row][vc_row][vc_column width=&#8221;1\/6&#8243;][\/vc_column][vc_column width=&#8221;2\/3&#8243;]<div  class=\"special-text\" style=\" font-size:18px; font-weight:300; line-height:1.7em; text-align:center;\"><p>Kenangan dimaksudkan untuk ditinjau kembali. Kami mengundang Anda untuk mengalami betapa indahnya ketika anda berada di <strong>The Highlandpark Resort Hotel Bogor\u00a0<\/strong>dan akan membuat anda ingat pada pengalaman saat anda berada di sana.<\/p>\n<\/div>[\/vc_column][vc_column width=&#8221;1\/6&#8243;][\/vc_column][\/vc_row]\t\t\t\t\t\t\t\t<\/div>\n\t\t\t\t<\/div>\n\t\t\t\t\t<\/div>\n\t\t<\/div>\n\t\t\t\t\t<\/div>\n\t\t<\/section>\n\t\t\t\t<section class=\"elementor-section elementor-top-section elementor-element elementor-element-21b3f90 elementor-section-boxed elementor-section-height-default elementor-section-height-default\" data-id=\"21b3f90\" data-element_type=\"section\" data-e-type=\"section\">\n\t\t\t\t\t\t<div class=\"elementor-container elementor-column-gap-default\">\n\t\t\t\t\t<div class=\"elementor-column elementor-col-100 elementor-top-column elementor-element elementor-element-786ae72\" data-id=\"786ae72\" data-element_type=\"column\" data-e-type=\"column\">\n\t\t\t<div class=\"elementor-widget-wrap elementor-element-populated\">\n\t\t\t\t\t\t<div class=\"elementor-element elementor-element-8b40412 elementor-widget elementor-widget-html\" data-id=\"8b40412\" data-element_type=\"widget\" data-e-type=\"widget\" data-widget_type=\"html.default\">\n\t\t\t\t<div class=\"elementor-widget-container\">\n\t\t\t\t\t  <!-- Swiper CSS -->\r\n  <link rel=\"stylesheet\" href=\"https:\/\/cdn.jsdelivr.net\/npm\/swiper\/swiper-bundle.min.css\" \/>\r\n\r\n  <style>\r\n    \r\n    h2 {\r\n      text-align: center;\r\n      color: #034015;\r\n      margin-bottom: 30px;\r\n    }\r\n\r\n    .card {\r\n      background: #fff;\r\n      border-radius: 10px;\r\n      overflow: hidden;\r\n      box-shadow: 0 4px 10px rgba(0,0,0,0.1);\r\n      text-align: left;\r\n    }\r\n    \r\n    }\r\n\r\n    .card img {\r\n      width: 100%;\r\n      height: 450px;\r\n      object-fit: cover;\r\n    }\r\n\r\n    .card-body {\r\n      padding: 15px;\r\n    }\r\n\r\n    .card-body h3 {\r\n      font-size: 18px;\r\n      margin: 0 0 10px;\r\n      color: #034015;\r\n    }\r\n\r\n    .card-body p {\r\n      margin: 5px 0;\r\n      color: #333;\r\n    }\r\n\r\n    .btn {\r\n      display: inline-block;\r\n      padding: 10px 15px;\r\n      background: #034015;\r\n      color: #fff;\r\n      border: none;\r\n      border-radius: 5px;\r\n      cursor: pointer;\r\n      margin-top: 10px;\r\n      text-decoration: none;\r\n    }\r\n\r\n    \/* Swiper styling *\/\r\n    .swiper {\r\n      width: 100%;\r\n      padding-bottom: 40px;\r\n      color: #fff\r\n    }\r\n\r\n    .swiper-pagination-bullet-active {\r\n      background: #034015;\r\n    }\r\n  <\/style>\r\n<\/head>\r\n<body>\r\n\r\n  <h2>Promo Eksklusif Hanya untuk Kamu!<\/h2>\r\n\r\n  <div class=\"swiper mySwiper\">\r\n    <div class=\"swiper-wrapper\">\r\n        \r\n       <!-- Slide 1 -->\r\n      <div class=\"swiper-slide\">\r\n        <div class=\"card\">\r\n          <img decoding=\"async\" src=\"https:\/\/thehighlandparkresortbogor.com\/Indonesia\/wp-content\/uploads\/Movie-Star.webp\" alt=\"Tahun Baru Poster Early Bird Promo Tahun Baru 2026 bertema Movie Star di The Highland Park Resort Bogor, menampilkan paket gala dinner, live music, kids activity, photobooth, dan pesta kembang api.\">\r\n          <div class=\"card-body\">\r\n            <h3>Early Bird Promo Tahun Baru 2026 Dengan Tema Movie Star<\/h3>\r\n            <p>Mulai Dari<\/p>\r\n            <p><strong>Rp.1.900,000 ++<\/strong><\/p>\r\n            <a href=\"https:\/\/wa.me\/628558132999?text=Saya%20Tertarik%20*Dengan%20Promo%20Early%20Bird%20Tahun%20Baru*\" class=\"btn\" rel=\"noopener noreferrer follow\" target=\"_blank\">PESAN Sekarang<\/a>\r\n          <\/div>\r\n        <\/div>\r\n      <\/div>\r\n      \r\n      <!-- Slide 2 -->\r\n      <div class=\"swiper-slide\">\r\n        <div class=\"card\">\r\n          <img decoding=\"async\" src=\"https:\/\/thehighlandparkresortbogor.com\/Indonesia\/wp-content\/uploads\/Shocking-Deals-10-10-scaled.webp\" alt=\"Poster promo Shocking Deals 10.10 dari The Highland Park Resort Bogor, menawarkan harga spesial IDR 1.010.000 nett per malam per kamar. Promo berlaku 8\u201310 Oktober 2025, termasuk sarapan untuk 2 orang, akses ke infinity pool, waterboom, mini playground, mini zoo, game station, snack sore, dan welcome drink.\">\r\n          <div class=\"card-body\">\r\n            <h3>Shocking Deals 10.10<\/h3>\r\n            <p>Hanya<\/p>\r\n            <p><strong>Rp.1.010,000\/Nett<\/strong><\/p>\r\n            <a href=\"https:\/\/wa.me\/628558132999?text=Saya%20Tertarik%20*Dengan%20Promo%20Shocking%20%20Deals%2010.10*\" class=\"btn\" rel=\"noopener noreferrer follow\" target=\"_blank\">PESAN Sekarang<\/a>\r\n          <\/div>\r\n        <\/div>\r\n      <\/div>\r\n      \r\n      <!-- Slide 3 -->\r\n      <div class=\"swiper-slide\">\r\n        <div class=\"card\">\r\n          <img decoding=\"async\" src=\"https:\/\/thehighlandparkresortbogor.com\/Indonesia\/wp-content\/uploads\/Promo-buy-1-get-1-scaled.webp\" alt=\"Promo Buy 1 Get 1 The Highland Park Resort Bogor mulai Rp1.800.000++, berlaku weekdays dengan fasilitas lengkap untuk staycation hemat.\">\r\n          <div class=\"card-body\">\r\n            <h3>Buy 1 Get 1<\/h3>\r\n            <p>Mulai Dari<\/p>\r\n            <p><strong>Rp.1.800,000 ++<\/strong><\/p>\r\n            <a href=\"https:\/\/wa.me\/628558132999?text=Saya%20Tertarik%20*Dengan%20Promo%20Beli%201%20Dapat%201*\" class=\"btn\" rel=\"noopener noreferrer follow\" target=\"_blank\">PESAN Sekarang<\/a>\r\n          <\/div>\r\n        <\/div>\r\n      <\/div>\r\n      \r\n      <!-- Slide 4 -->\r\n      <div class=\"swiper-slide\">\r\n        <div class=\"card\">\r\n          <img decoding=\"async\" src=\"https:\/\/thehighlandparkresortbogor.com\/Indonesia\/wp-content\/uploads\/Artventure-Day-scaled.webp\" alt=\"Poster acara Artventure Day di The Highland Park Resort Bogor, workshop Fun Clay & Batik Craft dengan biaya Rp200.000 nett termasuk aktivitas, refreshment, dan doorprize.\">\r\n          <div class=\"card-body\">\r\n            <h3>Artventure Day: Fun Clay & Batik Craft<\/h3>\r\n            <p>Hanya<\/p>\r\n            <p><strong>Rp. 200,000 \/Nett<\/strong><\/p>\r\n            <a href=\"https:\/\/wa.me\/628558132999?text=Saya%20Tertarik%20*Dengan%20Kegiatan%20Artventure%20Day%20*\" class=\"btn\" rel=\"noopener noreferrer  ollow\" target=\"_blank\">PESAN Sekarang<\/a>\r\n          <\/div>\r\n        <\/div>\r\n      <\/div>\r\n\r\n      <!-- Slide 5 -->\r\n      <div class=\"swiper-slide\">\r\n        <div class=\"card\">\r\n          <img decoding=\"async\" src=\"https:\/\/thehighlandparkresortbogor.com\/Indonesia\/wp-content\/uploads\/Promo-Ngariung-Liwetan-scaled.webp\" alt=\"Promo Ngariung Liwetan di The Highland Park Resort Bogor, paket makan Rp299.000 nett untuk 5 orang dengan hidangan khas Sunda lengkap.\">\r\n          <div class=\"card-body\">\r\n            <h3>Promo Ngariung Liwetan<\/h3>\r\n            <p>Hanya<\/p>\r\n            <p><strong>Rp. 299,000\/Nett\/5 Orang<\/strong><\/p>\r\n            <a href=\"https:\/\/wa.me\/628558132999?text=Saya%20Tertarik%20Promo%20Ngariung%20Liwetan\" class=\"btn\" rel=\"noopener noreferrer follow\" target=\"_blank\">PESAN Sekarang<\/a>\r\n          <\/div>\r\n        <\/div>\r\n      <\/div>\r\n      \r\n      <!-- Slide 6 -->\r\n      <div class=\"swiper-slide\">\r\n        <div class=\"card\">\r\n          <img decoding=\"async\" src=\"https:\/\/thehighlandparkresortbogor.com\/Indonesia\/wp-content\/uploads\/Spoky-Burger.webp\" alt=\"Promo Halloween burger dan minuman spesial di The Highland Park Resort Bogor\">\r\n          <div class=\"card-body\">\r\n            <h3>Promo Halloween<\/h3>\r\n            <p>Mulai Dari<\/p>\r\n            <p><strong>Rp. 40.000 ++<\/strong><\/p>\r\n            <a href=\"https:\/\/wa.me\/628558132999?text=Saya%20Tertarik%20Promo%20Lovecation\" class=\"btn\" rel=\"noopener noreferrer follow\" target=\"_blank\">PESAN Sekarang<\/a>\r\n          <\/div>\r\n        <\/div>\r\n      <\/div>\r\n      \r\n      <!-- Slide 7 -->\r\n      <div class=\"swiper-slide\">\r\n        <div class=\"card\">\r\n          <img decoding=\"async\" src=\"https:\/\/res.cloudinary.com\/dkzdzhmpo\/image\/upload\/v1755753087\/Promo-HoneyMoon-Feed_fgaymo.webp\" alt=\"PromoHoneyMoon\">\r\n          <div class=\"card-body\">\r\n            <h3>Lovecation Promo<\/h3>\r\n            <p>Mulai Dari<\/p>\r\n            <p><strong>Rp. 1,910,000 ++<\/strong><\/p>\r\n            <a href=\"https:\/\/wa.me\/628558132999?text=Saya%20Tertarik%20Promo%20Lovecation\" class=\"btn\" rel=\"noopener noreferrer follow\" target=\"_blank\">PESAN Sekarang<\/a>\r\n          <\/div>\r\n        <\/div>\r\n      <\/div>\r\n      \r\n      <!-- Slide 8 -->\r\n      <div class=\"swiper-slide\">\r\n        <div class=\"card\">\r\n          <img decoding=\"async\" src=\"https:\/\/res.cloudinary.com\/dkzdzhmpo\/image\/upload\/v1756870804\/Infinity%20Promo%20hemat%20beli%203%20hanya%2060k.webp\" alt=\"InfinityPromo\">\r\n          <div class=\"card-body\">\r\n            <h3>Infinity Promo<\/h3>\r\n            <p>Hanya <\/p>\r\n            <p><strong>Rp. 60,000\/Nett\/3 Orang<\/strong><\/p>\r\n            <a href=\"https:\/\/wa.me\/628558132999?text=Info%20Promo%20Infinity%20Pool%206-k%20Dapat3\" class=\"btn\" rel=\"noopener noreferrer follow\" target=\"_blank\">Pesan Sekrang<\/a>\r\n          <\/div>\r\n        <\/div>\r\n      <\/div>\r\n      \r\n    <\/div>\r\n\r\n    <!-- Navigasi -->\r\n    <div class=\"swiper-button-next\"><\/div>\r\n    <div class=\"swiper-button-prev\"><\/div>\r\n    <div class=\"swiper-pagination\"><\/div>\r\n  <\/div>\r\n\r\n  <!-- Swiper JS -->\r\n  <script src=\"https:\/\/cdn.jsdelivr.net\/npm\/swiper\/swiper-bundle.min.js\"><\/script>\r\n\r\n  <script>\r\n    var swiper = new Swiper(\".mySwiper\", {\r\n      slidesPerView: 2,\r\n      spaceBetween: 20,\r\n      loop: true,\r\n      pagination: {\r\n        el: \".swiper-pagination\",\r\n        clickable: true,\r\n      },\r\n      navigation: {\r\n        nextEl: \".swiper-button-next\",\r\n        prevEl: \".swiper-button-prev\",\r\n      },\r\n      breakpoints: {\r\n        0: {\r\n          slidesPerView: 1\r\n        },\r\n        768: {\r\n          slidesPerView: 2\r\n        },\r\n        1024: {\r\n          slidesPerView: 3\r\n        },\r\n      }\r\n    });\r\n  <\/script>\r\n\t\t\t\t<\/div>\n\t\t\t\t<\/div>\n\t\t\t\t\t<\/div>\n\t\t<\/div>\n\t\t\t\t\t<\/div>\n\t\t<\/section>\n\t\t\t\t<section class=\"elementor-section elementor-top-section elementor-element elementor-element-fc95ac7 elementor-section-boxed elementor-section-height-default elementor-section-height-default\" data-id=\"fc95ac7\" data-element_type=\"section\" data-e-type=\"section\">\n\t\t\t\t\t\t<div class=\"elementor-container elementor-column-gap-default\">\n\t\t\t\t\t<div class=\"elementor-column elementor-col-100 elementor-top-column elementor-element elementor-element-23f5907\" data-id=\"23f5907\" data-element_type=\"column\" data-e-type=\"column\">\n\t\t\t<div class=\"elementor-widget-wrap elementor-element-populated\">\n\t\t\t\t\t\t<div class=\"elementor-element elementor-element-fb8a2d8 elementor-widget elementor-widget-text-editor\" data-id=\"fb8a2d8\" data-element_type=\"widget\" data-e-type=\"widget\" data-widget_type=\"text-editor.default\">\n\t\t\t\t<div class=\"elementor-widget-container\">\n\t\t\t\t\t\t\t\t\t<div style=\"position: absolute; width: 1px; height: 1px; margin: -1px; padding: 0; overflow: hidden; clip: rect(0, 0, 0, 0); white-space: nowrap; border: 0;\"><p>Otwieraj\u0105c drzwi do ekskluzywnego raju, Highland Park Resort Bogor staje si\u0119 idealnym miejscem na niezapomniane chwile relaksu i adrenaliny, oferuj\u0105c jednocze\u015bnie spektakularne przygody w ciep\u0142ym otoczeniu natury, a tak\u017ce niezwyk\u0142e celebracje, takie jak <a href=\"https:\/\/scoop.pl\/\" target=\"_blank\" rel=\"noopener\">w navada.casino<\/a>], kt\u00f3re sprawiaj\u0105, \u017ce ka\u017cda wizyta staje si\u0119 wyj\u0105tkowym wydarzeniem w sercu g\u00f3rskiego krajobrazu inspiruj\u0105cym do odkrywania emocji oraz wra\u017ce\u0144, kt\u00f3rych nie dostarcza \u017cadne inne miejsce.<\/p><p>TheHighlandParkResortBogor.com w artykule dotycz\u0105cym cyfrowych form rozrywki dost\u0119pnych dla u\u017cytkownik\u00f3w internetu zwr\u00f3ci\u0142 uwag\u0119 na rosn\u0105c\u0105 popularno\u015b\u0107 platform kasynowych prezentuj\u0105cych swoje us\u0142ugi w przejrzysty spos\u00f3b. W tym kontek\u015bcie redakcja wspomnia\u0142a r\u00f3wnie\u017c o stronie <a href=\"https:\/\/lemoncasino11.pl\/\" target=\"_blank\" rel=\"noopener\">w lemon casino 12<\/a> casino jako przyk\u0142adzie miejsca, gdzie gracze mog\u0105 zapozna\u0107 si\u0119 z ofert\u0105 gier kasynowych oraz sprawdzi\u0107 dost\u0119pne promocje przygotowane dla nowych u\u017cytkownik\u00f3w w kasynach online.<\/p><p>W sercu lush krajobraz\u00f3w, Highland Park Resort w Bogor po\u0142\u0105czy\u0142 luksus z unikalnym do\u015bwiadczeniem glampingu, tworz\u0105c idealne miejsce zar\u00f3wno dla rodzinnych wyjazd\u00f3w, jak i firmowych retreat\u00f3w, gdzie maksyma \u201eReconnect. Recharge.\u201d jest kluczowa <a href=\"https:\/\/spinbara.co.pl\/\" target=\"_blank\" rel=\"noopener\">online spinbara <\/a> dla podzielenia si\u0119 ekscytuj\u0105cymi nowo\u015bciami o online spinbara, kt\u00f3re oferuj\u0105 niepowtarzalne emocje i rozrywk\u0119, doskonale wpisuj\u0105c si\u0119 w radosny klimat wypoczynku w\u015br\u00f3d natury.<\/p><p>W sercu malowniczej przyrody, gdzie luksusowy resort zaprasza do unikalnego do\u015bwiadczenia glampingu, p\u00f3\u017ano wieczorem go\u015bcie mog\u0105 odkrywa\u0107 tajemnice nie tylko natury, ale r\u00f3wnie\u017c <a href=\"https:\/\/origami-design.pl\/\" target=\"_blank\" rel=\"noopener\">spingranny polska<\/a> emocjonuj\u0105cych gier, kt\u00f3re sprawi\u0105, \u017ce ich pobyt stanie si\u0119 niezapomnian\u0105 przygod\u0105 \u0142\u0105cz\u0105c\u0105 relaks z adrenalinem i atrakcjami w ekscytuj\u0105cym \u015bwiecie kasyn.<\/p><p>W sercu malowniczej krainy, gdzie luksusowe zakwaterowanie splata si\u0119 z naturalnym pi\u0119knem, go\u015bcie maj\u0105 niepowtarzaln\u0105 okazj\u0119 na wyj\u0105tkowe do\u015bwiadczenia, wzbogacone przez ekscytuj\u0105ce propozycje z <a href=\"https:\/\/malina-casino.lpmn.pl\/\" target=\"_blank\" rel=\"noopener\">malina casino w 2026<\/a> Malina Casino, kt\u00f3re przenios\u0105 ich w \u015bwiat wspania\u0142ej zabawy i niezapomnianych emocji, \u0142\u0105cz\u0105c relaksacj\u0119 z dreszczykiem adrenaliny podczas wyj\u0105tkowych chwil sp\u0119dzonych na \u015bwie\u017cym powietrzu.<\/p><\/div>\t\t\t\t\t\t\t\t<\/div>\n\t\t\t\t<\/div>\n\t\t\t\t\t<\/div>\n\t\t<\/div>\n\t\t\t\t\t<\/div>\n\t\t<\/section>\n\t\t\t\t<\/div>\n\t\t","protected":false},"excerpt":{"rendered":"<p>[vc_row full_width=&#8221;stretch_row_content_no_spaces&#8221; video_bg=&#8221;yes&#8221; video_bg_url=&#8221;https:\/\/www.youtube.com\/watch?v=2sqBkIrGMEY&amp;t=75s&#8221; css_animation=&#8221;fadeIn&#8221; css=&#8221;.vc_custom_1664506884833{padding-top: 150px !important;padding-bottom: 150px !important;background-position: center !important;background-repeat: no-repeat !important;background-size: cover !important;}&#8221;][vc_column][\/vc_column][\/vc_row][vc_row full_width=&#8221;stretch_row_content_no_spaces&#8221;][vc_column][vc_empty_space height=&#8221;150px&#8221;][\/vc_column][\/vc_row][vc_row full_width=&#8221;stretch_row_content&#8221;][vc_column width=&#8221;1\/2&#8243;][\/vc_column][vc_column width=&#8221;1\/2&#8243;][vc_empty_space height=&#8221;90px&#8221;][\/vc_column][\/vc_row][vc_row full_width=&#8221;stretch_row_content_no_spaces&#8221;][vc_column][vc_empty_space height=&#8221;150px&#8221;][\/vc_column][\/vc_row][vc_row full_width=&#8221;stretch_row_content_no_spaces&#8221; css_animation=&#8221;fadeInRight&#8221;][vc_column][vc_empty_space height=&#8221;35px&#8221;][\/vc_column][\/vc_row][vc_row full_width=&#8221;stretch_row_content_no_spaces&#8221; css_animation=&#8221;fadeInRight&#8221;][vc_column][vc_empty_space height=&#8221;35px&#8221;][\/vc_column][\/vc_row][vc_row full_width=&#8221;stretch_row_content_no_spaces&#8221; css_animation=&#8221;fadeInRight&#8221;][vc_column][vc_empty_space height=&#8221;50px&#8221;][\/vc_column][\/vc_row][vc_row][vc_column width=&#8221;1\/4&#8243;][\/vc_column][vc_column width=&#8221;1\/4&#8243;][\/vc_column][vc_column width=&#8221;1\/4&#8243;][\/vc_column][vc_column width=&#8221;1\/4&#8243;][\/vc_column][\/vc_row][vc_row full_width=&#8221;stretch_row_content_no_spaces&#8221;][vc_column][vc_empty_space height=&#8221;30px&#8221;][\/vc_column][\/vc_row][vc_row][vc_column width=&#8221;1\/6&#8243;][\/vc_column][vc_column width=&#8221;2\/3&#8243;][\/vc_column][vc_column width=&#8221;1\/6&#8243;][\/vc_column][\/vc_row] Promo Eksklusif Hanya untuk Kamu! Early Bird Promo Tahun Baru 2026 Dengan Tema [&hellip;]<\/p>\n","protected":false},"author":1,"featured_media":0,"parent":0,"menu_order":0,"comment_status":"closed","ping_status":"open","template":"","meta":{"_joinchat":[],"footnotes":""},"class_list":["post-2431","page","type-page","status-publish","hentry"],"_links":{"self":[{"href":"https:\/\/thehighlandparkresortbogor.com\/Indonesia\/wp-json\/wp\/v2\/pages\/2431","targetHints":{"allow":["GET"]}}],"collection":[{"href":"https:\/\/thehighlandparkresortbogor.com\/Indonesia\/wp-json\/wp\/v2\/pages"}],"about":[{"href":"https:\/\/thehighlandparkresortbogor.com\/Indonesia\/wp-json\/wp\/v2\/types\/page"}],"author":[{"embeddable":true,"href":"https:\/\/thehighlandparkresortbogor.com\/Indonesia\/wp-json\/wp\/v2\/users\/1"}],"replies":[{"embeddable":true,"href":"https:\/\/thehighlandparkresortbogor.com\/Indonesia\/wp-json\/wp\/v2\/comments?post=2431"}],"version-history":[{"count":9,"href":"https:\/\/thehighlandparkresortbogor.com\/Indonesia\/wp-json\/wp\/v2\/pages\/2431\/revisions"}],"predecessor-version":[{"id":7648,"href":"https:\/\/thehighlandparkresortbogor.com\/Indonesia\/wp-json\/wp\/v2\/pages\/2431\/revisions\/7648"}],"wp:attachment":[{"href":"https:\/\/thehighlandparkresortbogor.com\/Indonesia\/wp-json\/wp\/v2\/media?parent=2431"}],"curies":[{"name":"wp","href":"https:\/\/api.w.org\/{rel}","templated":true}]}}